{"id":539,"date":"2025-10-07T10:20:33","date_gmt":"2025-10-07T08:20:33","guid":{"rendered":"https:\/\/pracowniaciocitysi.pl\/?page_id=539"},"modified":"2025-10-07T10:20:35","modified_gmt":"2025-10-07T08:20:35","slug":"regulamin-sklepu-internetowego-pracownia-cioci-tysi","status":"publish","type":"page","link":"https:\/\/pracowniaciocitysi.pl\/index.php\/regulamin-sklepu-internetowego-pracownia-cioci-tysi\/","title":{"rendered":"Regulamin sklepu internetowego \u201ePracownia\u00a0cioci\u00a0Tysi\u201d"},"content":{"rendered":"\n<p>\u00a71&nbsp;Postanowienia og\u00f3lne<\/p>\n\n\n\n<p>Sklep internetowy dzia\u0142aj\u0105cy pod adresem pracowniaciocitysi.pl jest prowadzony przez Justyn\u0119&nbsp;Kubisz, zamieszka\u0142\u0105 pod adresem 62-290 Mie\u015bcisko Strzelecka 17, prowadz\u0105c\u0105 dzia\u0142alno\u015b\u0107 nierejestrowan\u0105 pod nazw\u0105 \u201ePracownia&nbsp;cioci&nbsp;Tysi\u201d (dalej: Sprzedawca).<\/p>\n\n\n\n<p>Regulamin okre\u015bla zasady korzystania ze Sklepu, w tym sk\u0142adania Zam\u00f3wie\u0144, zawierania Um\u00f3w Sprzeda\u017cy, p\u0142atno\u015bci, dostawy, uprawnie\u0144 Konsument\u00f3w oraz trybu post\u0119powania reklamacyjnego. Tre\u015b\u0107 Regulaminu udost\u0119pniana jest nieodp\u0142atnie na stronie Sklepu przed zawarciem Umowy, w spos\u00f3b umo\u017cliwiaj\u0105cy jego pobranie, utrwalenie i wydrukowanie<\/p>\n\n\n\n<p>Sklep prowadzi sprzeda\u017c \u015bwiec i akcesori\u00f3w wy\u0142\u0105cznie na terenie Polski. Oferta Sklepu jest skierowana do Konsument\u00f3w (os\u00f3b fizycznych dokonuj\u0105cych zakup\u00f3w niezwi\u0105zanych bezpo\u015brednio z dzia\u0142alno\u015bci\u0105 gospodarcz\u0105) oraz do innych Klient\u00f3w w zakresie przewidzianym prawem.<\/p>\n\n\n\n<p>U\u017cytkownik, kt\u00f3ry chce za\u0142o\u017cy\u0107 Konto lub z\u0142o\u017cy\u0107 Zam\u00f3wienie, musi zapozna\u0107 si\u0119 z Regulaminem oraz Polityk\u0105 prywatno\u015bci i zaakceptowa\u0107 ich postanowienia. Zaakceptowanie Regulaminu jest r\u00f3wnoznaczne z zawarciem umowy o \u015bwiadczenie us\u0142ugi Konta lub Umowy Sprzeda\u017cy<\/p>\n\n\n\n<p>Sprzedawca zastrzega, \u017ce maksymalny czas realizacji Zam\u00f3wienia nie przekroczy 30&nbsp;dni. Po bezskutecznym up\u0142ywie tego terminu Klient mo\u017ce anulowa\u0107 Zam\u00f3wienie; Sprzedawca niezw\u0142ocznie zwr\u00f3ci wszystkie dokonane p\u0142atno\u015bci, w tym koszty dostawy. Standardowy czas przygotowania i nadania zam\u00f3wienia w \u201ePracowni&nbsp;cioci&nbsp;Tysi\u201d wynosi jednak do 7&nbsp;dni roboczych.<\/p>\n\n\n\n<p>\u00a72&nbsp;Definicje<\/p>\n\n\n\n<p>Klient&nbsp;\u2013 osoba fizyczna posiadaj\u0105ca pe\u0142n\u0105 lub ograniczon\u0105 zdolno\u015b\u0107 do czynno\u015bci prawnych (w przypadkach przewidzianych przepisami prawa), a tak\u017ce osoba prawna lub jednostka organizacyjna nieposiadaj\u0105ca osobowo\u015bci prawnej, kt\u00f3ra korzysta ze Sklepu, w tym sk\u0142ada Zam\u00f3wienie.<\/p>\n\n\n\n<p>Konsument&nbsp;\u2013 Klient b\u0119d\u0105cy osob\u0105 fizyczn\u0105, dokonuj\u0105cy czynno\u015bci prawnej ze Sprzedawc\u0105 niezwi\u0105zanej bezpo\u015brednio z jego dzia\u0142alno\u015bci\u0105 gospodarcz\u0105 lub zawodow\u0105<\/p>\n\n\n\n<p>U\u017cytkownik&nbsp;\u2013 Klient, kt\u00f3ry zarejestrowa\u0142 Konto w Sklepie.<\/p>\n\n\n\n<p>Towar\/Produkt&nbsp;\u2013 rzeczy ruchome (\u015bwiece, akcesoria) oferowane w Sklepie.<\/p>\n\n\n\n<p>Zam\u00f3wienie&nbsp;\u2013 o\u015bwiadczenie woli Klienta zmierzaj\u0105ce do zawarcia Umowy Sprzeda\u017cy okre\u015blaj\u0105ce co najmniej rodzaj i liczb\u0119 Towaru.<\/p>\n\n\n\n<p>Umowa Sprzeda\u017cy&nbsp;\u2013 umowa zawierana na odleg\u0142o\u015b\u0107 pomi\u0119dzy Sprzedawc\u0105 a Klientem, kt\u00f3rej przedmiotem jest sprzeda\u017c Towaru<\/p>\n\n\n\n<p>Konto&nbsp;\u2013 us\u0142uga elektroniczna \u015bwiadczona nieodp\u0142atnie przez Sprzedawc\u0119 na rzecz Klienta, umo\u017cliwiaj\u0105ca przechowywanie danych Klienta oraz histori\u0119 Zam\u00f3wie\u0144.<\/p>\n\n\n\n<p>\u00a73&nbsp;Us\u0142ugi elektroniczne w Sklepie<\/p>\n\n\n\n<p>Sprzedawca \u015bwiadczy us\u0142ugi drog\u0105 elektroniczn\u0105 polegaj\u0105ce na:<br>a. prowadzeniu Konta \u2013 umo\u017cliwiaj\u0105cego rejestracj\u0119, zapis danych, sk\u0142adanie Zam\u00f3wie\u0144 i dost\u0119p do historii Zam\u00f3wie\u0144;<br>b. udost\u0119pnianiu formularza Zam\u00f3wienia i formularza kontaktowego.<\/p>\n\n\n\n<p>Korzystanie z Konta wymaga rejestracji poprzez wype\u0142nienie formularza rejestracyjnego i zaakceptowanie Regulaminu. Zawarcie umowy o \u015bwiadczenie us\u0142ugi Konta nast\u0119puje z chwil\u0105 potwierdzenia rejestracji przez Klienta<\/p>\n\n\n\n<p>Konto prowadzone jest bezterminowo. Klient mo\u017ce w ka\u017cdej chwili, bez podania przyczyny i bez ponoszenia koszt\u00f3w, rozwi\u0105za\u0107 umow\u0119 o prowadzenie Konta poprzez przes\u0142anie stosownego \u017c\u0105dania do Sprzedawcy. Sprzedawca mo\u017ce wypowiedzie\u0107 umow\u0119 o prowadzenie Konta z wa\u017cnych przyczyn z 14\u2011dniowym okresem wypowiedzenia<\/p>\n\n\n\n<p>Wymagania techniczne niezb\u0119dne do wsp\u00f3\u0142pracy z systemem teleinformatycznym Sprzedawcy to: urz\u0105dzenie z dost\u0119pem do Internetu, aktualna przegl\u0105darka internetowa obs\u0142uguj\u0105ca pliki cookies i skrypty JavaScript, aktywne konto poczty elektronicznej. Klient zobowi\u0105zany jest powstrzyma\u0107 si\u0119 od wprowadzania tre\u015bci o charakterze bezprawnym<\/p>\n\n\n\n<p>\u00a74&nbsp;Zasady sk\u0142adania Zam\u00f3wie\u0144 i zawierania Umowy Sprzeda\u017cy<\/p>\n\n\n\n<p>Zam\u00f3wienia mo\u017cna sk\u0142ada\u0107 24&nbsp;godziny na dob\u0119 przez stron\u0119 internetow\u0105 Sklepu. W celu z\u0142o\u017cenia Zam\u00f3wienia Klient:<br>a. dodaje wybrany Produkt do koszyka i przechodzi do formularza zam\u00f3wienia;<br>b. podaje dane niezb\u0119dne do realizacji Zam\u00f3wienia (adres dostawy, dane kontaktowe) lub loguje si\u0119 do Konta;<br>c. wybiera spos\u00f3b dostawy i metod\u0119 p\u0142atno\u015bci;<br>d. akceptuje Regulamin oraz potwierdza zapoznanie si\u0119 z Polityk\u0105 prywatno\u015bci;<br>e. klika przycisk \u201eZamawiam i p\u0142ac\u0119\u201d lub o podobnym brzmieniu, co stanowi z\u0142o\u017cenie Zam\u00f3wienia.<\/p>\n\n\n\n<p>Z\u0142o\u017cenie Zam\u00f3wienia stanowi ofert\u0119 Klienta zawarcia Umowy Sprzeda\u017cy. Po otrzymaniu Zam\u00f3wienia Sprzedawca niezw\u0142ocznie potwierdza jego przyj\u0119cie i jednocze\u015bnie informuje o przyj\u0119ciu do realizacji \u2013 z t\u0105 chwil\u0105 dochodzi do zawarcia Umowy Sprzeda\u017cy.<\/p>\n\n\n\n<p>Sprzedawca zastrzega sobie prawo do odmowy realizacji Zam\u00f3wienia, je\u015bli dane podane przez Klienta s\u0105 niepe\u0142ne lub budz\u0105 uzasadnione w\u0105tpliwo\u015bci co do ich prawdziwo\u015bci. W takim przypadku Sprzedawca b\u0119dzie podejmowa\u0142 pr\u00f3b\u0119 kontaktu w celu weryfikacji.<\/p>\n\n\n\n<p>\u00a75&nbsp;Ceny i metody p\u0142atno\u015bci<\/p>\n\n\n\n<p>Wszystkie ceny Produkt\u00f3w podawane na stronie Sklepu s\u0105 cenami brutto (zawieraj\u0105 podatki) i wyra\u017cone s\u0105 w z\u0142otych polskich. Ceny nie obejmuj\u0105 koszt\u00f3w dostawy, kt\u00f3re podawane s\u0105 w trakcie sk\u0142adania Zam\u00f3wienia<\/p>\n\n\n\n<p>Klient jest informowany o \u0142\u0105cznej cenie Produkt\u00f3w i kosztach dostawy przed z\u0142o\u017ceniem Zam\u00f3wienia, zgodnie z ustaw\u0105 o prawach konsumenta<\/p>\n\n\n\n<p>Dost\u0119pne formy p\u0142atno\u015bci:<br>a. p\u0142atno\u015b\u0107 online za po\u015brednictwem operatora p\u0142atno\u015bci HotPay \u2013 skorzystanie z tej metody mo\u017ce wi\u0105za\u0107 si\u0119 z u\u017cyciem plik\u00f3w cookies operatora<br>b. przelew tradycyjny na rachunek bankowy Sprzedawcy (dane do przelewu podane s\u0105 w wiadomo\u015bci potwierdzaj\u0105cej Zam\u00f3wienie);<br>c. inne metody wskazane w Sklepie \u2013 szczeg\u00f3\u0142y znajduj\u0105 si\u0119 w opisie poszczeg\u00f3lnych metod p\u0142atno\u015bci.<\/p>\n\n\n\n<p>\u00a76&nbsp;Dostawa i czas realizacji Zam\u00f3wie\u0144<\/p>\n\n\n\n<p>Dostawa Towar\u00f3w jest realizowana wy\u0142\u0105cznie na terytorium Polski, za po\u015brednictwem firmy kurierskiej wskazanej w procesie sk\u0142adania Zam\u00f3wienia. Klient nie ma mo\u017cliwo\u015bci odbioru osobistego chyba \u017ce Sprzedawca wyra\u017anie tak\u0105 opcj\u0119 udost\u0119pni.<\/p>\n\n\n\n<p>Czas przygotowania i wysy\u0142ki zam\u00f3wienia wynosi do 7&nbsp;dni roboczych od zawarcia Umowy Sprzeda\u017cy. Do tego czasu nale\u017cy doliczy\u0107 czas dostawy zale\u017cny od wybranego przewo\u017anika (zazwyczaj 1\u20132&nbsp;dni robocze). Sprzedawca zobowi\u0105zuje si\u0119 do dostarczenia Towaru najp\u00f3\u017aniej w terminie 30&nbsp;dni kalendarzowych, zgodnie z przepisami<\/p>\n\n\n\n<p>Koszt dostawy zale\u017cy od wybranego sposobu dostawy i jest podawany Klientowi podczas sk\u0142adania Zam\u00f3wienia. Je\u015bli w trakcie realizacji Zam\u00f3wienia pojawi\u0105 si\u0119 op\u00f3\u017anienia, Sprzedawca niezw\u0142ocznie poinformuje o tym Klienta, umo\u017cliwiaj\u0105c mu rezygnacj\u0119 z Zam\u00f3wienia i zwrot wszelkich dokonanych p\u0142atno\u015bci<\/p>\n\n\n\n<p>Przy odbiorze przesy\u0142ki Klient powinien sprawdzi\u0107 stan opakowania. W razie stwierdzenia uszkodze\u0144 zaleca si\u0119 sporz\u0105dzenie protoko\u0142u szkody z kurierem oraz niezw\u0142oczne powiadomienie Sprzedawcy<\/p>\n\n\n\n<p>\u00a77&nbsp;Prawo odst\u0105pienia od Umowy (zwroty)<\/p>\n\n\n\n<p>Konsument ma prawo odst\u0105pi\u0107 od Umowy Sprzeda\u017cy bez podania przyczyny w terminie 14&nbsp;dni od dnia otrzymania Towaru. Termin ten liczy si\u0119 od momentu wej\u015bcia w posiadanie rzeczy przez Konsumenta lub wskazan\u0105 przez niego osob\u0119 trzeci\u0105 (inn\u0105 ni\u017c przewo\u017anik)<\/p>\n\n\n\n<p>Aby zachowa\u0107 termin do odst\u0105pienia od umowy, wystarczy wys\u0142a\u0107 o\u015bwiadczenie przed jego up\u0142ywem. Konsument mo\u017ce z\u0142o\u017cy\u0107 o\u015bwiadczenie wed\u0142ug wzoru stanowi\u0105cego za\u0142\u0105cznik do Regulaminu lub w innej formie umo\u017cliwiaj\u0105cej odczytanie jego woli<\/p>\n\n\n\n<p>W razie odst\u0105pienia od umowy, Sprzedawca zwr\u00f3ci Konsumentowi wszystkie otrzymane p\u0142atno\u015bci, w tym koszt dostawy odpowiadaj\u0105cy najta\u0144szej oferowanej metodzie, niezw\u0142ocznie, nie p\u00f3\u017aniej ni\u017c w ci\u0105gu 14&nbsp;dni od dnia otrzymania o\u015bwiadczenia o odst\u0105pieniu<br>Sprzedawca mo\u017ce wstrzyma\u0107 si\u0119 ze zwrotem p\u0142atno\u015bci do chwili otrzymania Towaru z powrotem lub dostarczenia dowodu jego odes\u0142ania<\/p>\n\n\n\n<p>Konsument powinien odes\u0142a\u0107 Towar niezw\u0142ocznie, nie p\u00f3\u017aniej ni\u017c 14&nbsp;dni od dnia odst\u0105pienia od umowy. Bezpo\u015brednie koszty odes\u0142ania Towaru ponosi Konsument, chyba \u017ce Sprzedawca wyra\u017anie wskaza\u0142 inaczej<br>Konsument odpowiada za zmniejszenie warto\u015bci Towaru wynikaj\u0105ce z korzystania z niego w spos\u00f3b wykraczaj\u0105cy poza konieczny do stwierdzenia jego charakteru, cech i funkcjonowania<\/p>\n\n\n\n<p>Prawo odst\u0105pienia nie przys\u0142uguje w odniesieniu do um\u00f3w, w kt\u00f3rych:<br>a. przedmiotem \u015bwiadczenia jest rzecz nieprefabrykowana, wyprodukowana wed\u0142ug specyfikacji Konsumenta lub s\u0142u\u017c\u0105ca zaspokojeniu jego zindywidualizowanych potrzeb;<br>b. przedmiotem \u015bwiadczenia jest rzecz ulegaj\u0105ca szybkiemu zepsuciu lub maj\u0105ca kr\u00f3tki termin przydatno\u015bci do u\u017cycia;<br>c. przedmiotem \u015bwiadczenia jest rzecz dostarczana w zapiecz\u0119towanym opakowaniu, kt\u00f3rej po otwarciu nie mo\u017cna zwr\u00f3ci\u0107 ze wzgl\u0119du na ochron\u0119 zdrowia lub ze wzgl\u0119d\u00f3w higienicznych, je\u017celi opakowanie zosta\u0142o otwarte po dostarczeniu<br>d. rzecz po dostarczeniu, ze wzgl\u0119du na sw\u00f3j charakter, zostaje nieroz\u0142\u0105cznie po\u0142\u0105czona z innymi rzeczami<br>e. dotycz\u0105 tre\u015bci cyfrowej dostarczanej bez no\u015bnika, je\u017celi rozpocz\u0119to jej spe\u0142nianie za wyra\u017an\u0105 zgod\u0105 konsumenta przed up\u0142ywem terminu odst\u0105pienia i po poinformowaniu go o utracie prawa odst\u0105pienia<\/p>\n\n\n\n<p>\u00a78&nbsp;Reklamacje i r\u0119kojmia<\/p>\n\n\n\n<p>Sprzedawca ma obowi\u0105zek dostarczy\u0107 Towar wolny od wad<br>Odpowiada wobec Klienta z tytu\u0142u niezgodno\u015bci Towaru z umow\u0105 przez 2&nbsp;lata od wydania rzeczy<\/p>\n\n\n\n<p>W przypadku stwierdzenia wad lub niezgodno\u015bci Towaru z umow\u0105, Konsument mo\u017ce \u017c\u0105da\u0107 naprawy, wymiany, obni\u017cenia ceny albo odst\u0105pi\u0107 od umowy<br>Reklamacja powinna zawiera\u0107: dane kontaktowe Klienta, opis wady i oczekiwania co do sposobu rozpatrzenia oraz potwierdzenie dokonania zakupu<\/p>\n\n\n\n<p>Reklamacj\u0119 mo\u017cna z\u0142o\u017cy\u0107:<br>a. drog\u0105 elektroniczn\u0105, wysy\u0142aj\u0105c wiadomo\u015b\u0107 na adres e\u2011mail Sprzedawcy;<br>b. listownie na adres korespondencyjny Sprzedawcy;<br>c. poprzez formularz reklamacyjny dost\u0119pny w Koncie (je\u015bli funkcja jest udost\u0119pniona).<\/p>\n\n\n\n<p>Sprzedawca rozpatrzy reklamacj\u0119 w terminie 14&nbsp;dni od jej otrzymania<br>i poinformuje Klienta o dalszym post\u0119powaniu za po\u015brednictwem poczty elektronicznej lub w inny spos\u00f3b. Brak odpowiedzi w powy\u017cszym terminie oznacza uznanie reklamacji<\/p>\n\n\n\n<p>Koszty naprawy, wymiany oraz dostarczenia Towaru w zwi\u0105zku z uznan\u0105 reklamacj\u0105 ponosi Sprzedawca<\/p>\n\n\n\n<p>Reklamacje dotycz\u0105ce dzia\u0142ania us\u0142ug elektronicznych (np. Konta) mo\u017cna zg\u0142asza\u0107 w dowolnej formie. Dla usprawnienia rozpatrzenia zg\u0142oszenia warto poda\u0107 dane opisuj\u0105ce problem i dane kontaktowe.<\/p>\n\n\n\n<p>\u00a79&nbsp;Dane osobowe i pliki cookies<\/p>\n\n\n\n<p>Administratorem danych osobowych Klient\u00f3w jest Sprzedawca. Dane osobowe s\u0105 przetwarzane w celach i na zasadach opisanych w Polityce prywatno\u015bci i plik\u00f3w cookies udost\u0119pnionej w odr\u0119bnym dokumencie. Polityka okre\u015bla m.in. rodzaje danych, podstawy prawne, okres przechowywania oraz prawa os\u00f3b, kt\u00f3rych dane dotycz\u0105<\/p>\n\n\n\n<p>Informacje dotycz\u0105ce stosowanych plik\u00f3w cookies oraz sposob\u00f3w wyra\u017cania i cofania zgody znajduj\u0105 si\u0119 w Polityce cookies<\/p>\n\n\n\n<p>\u00a710&nbsp;Pozas\u0105dowe sposoby rozpatrywania spor\u00f3w<\/p>\n\n\n\n<p>Konsument mo\u017ce skorzysta\u0107 z pozas\u0105dowych sposob\u00f3w rozpatrywania reklamacji i dochodzenia roszcze\u0144. Szczeg\u00f3\u0142owe informacje s\u0105 dost\u0119pne na stronie Urz\u0119du Ochrony Konkurencji i Konsument\u00f3w oraz u w\u0142a\u015bciwych powiatowych (miejskich) rzecznik\u00f3w konsument\u00f3w<br>Konsument mo\u017ce skorzysta\u0107 z:<br>a. mediacji prowadzonej przez Wojew\u00f3dzkie Inspektoraty Inspekcji Handlowej;<br>b. pomocy miejskich lub powiatowych rzecznik\u00f3w konsument\u00f3w;<br>c. platformy ODR dost\u0119pnej pod adresem https:\/\/ec.europa.eu\/consumers\/odr\/<\/p>\n\n\n\n<p>Postanowienie niniejsze ma charakter informacyjny i nie stanowi zobowi\u0105zania Sprzedawcy do korzystania z pozas\u0105dowych metod rozwi\u0105zywania spor\u00f3w.<\/p>\n\n\n\n<p>\u00a711&nbsp;Zmiana Regulaminu<\/p>\n\n\n\n<p>Sprzedawca zastrzega sobie prawo do zmiany Regulaminu z wa\u017cnych przyczyn (np. zmiany prawa, zmiany sposob\u00f3w p\u0142atno\u015bci, zmiany formy dostawy). O wszelkich zmianach Sprzedawca poinformuje Klient\u00f3w poprzez publikacj\u0119 nowego tekstu Regulaminu na stronie Sklepu. Zmiany nie b\u0119d\u0105 narusza\u0107 praw Klient\u00f3w wynikaj\u0105cych z Zam\u00f3wie\u0144 z\u0142o\u017conych przed ich wprowadzeniem<\/p>\n\n\n\n<p>Zmieniony Regulamin wchodzi w \u017cycie w terminie wskazanym przy jego publikacji, nie wcze\u015bniej ni\u017c 7&nbsp;dni od opublikowania<br>Klient, kt\u00f3ry nie akceptuje zmienionych postanowie\u0144, mo\u017ce wypowiedzie\u0107 umow\u0119 o \u015bwiadczenie us\u0142ugi Konta, co spowoduje jego usuni\u0119cie.<\/p>\n\n\n\n<p>W sprawach nieuregulowanych w Regulaminie zastosowanie maj\u0105 przepisy prawa polskiego, w szczeg\u00f3lno\u015bci Kodeksu cywilnego oraz ustawy z dnia 30&nbsp;maja&nbsp;2014&nbsp;r. o prawach konsumenta<\/p>\n\n\n\n<p>Wz\u00f3r formularza odst\u0105pienia od umowy<\/p>\n\n\n\n<p>(niniejszy formularz nale\u017cy wype\u0142ni\u0107 i odes\u0142a\u0107 tylko w przypadku ch\u0119ci odst\u0105pienia od umowy)<\/p>\n\n\n\n<p>Ja\/My&nbsp;[\u2026\u2026\u2026\u2026\u2026\u2026\u2026\u2026\u2026\u2026\u2026\u2026\u2026\u2026\u2026\u2026\u2026.] niniejszym informuj\u0119\/informujemy o moim\/naszym odst\u0105pieniu od umowy sprzeda\u017cy nast\u0119puj\u0105cych rzeczy&nbsp;[\u2026\u2026\u2026\u2026\u2026\u2026\u2026\u2026\u2026\u2026\u2026\u2026\u2026\u2026\u2026\u2026\u2026.],<\/p>\n\n\n\n<p>Data zawarcia umowy&nbsp;[\u2026] \/ Data odbioru&nbsp;[\u2026]<\/p>\n\n\n\n<p>Imi\u0119 i nazwisko konsumenta\/\u00f3w&nbsp;[\u2026]&nbsp;<\/p>\n\n\n\n<p>Adres konsumenta\/\u00f3w&nbsp;[\u2026]&nbsp;<\/p>\n\n\n\n<p>Podpis konsumenta\/\u00f3w (tylko je\u017celi formularz przesy\u0142any jest w wersji papierowej)<\/p>\n\n\n\n<p>Data&nbsp;[\u2026]<\/p>\n","protected":false},"excerpt":{"rendered":"<p>\u00a71&nbsp;Postanowienia og\u00f3lne Sklep internetowy dzia\u0142aj\u0105cy pod adresem pracowniaciocitysi.pl jest prowadzony przez Justyn\u0119&nbsp;Kubisz, zamieszka\u0142\u0105 pod adresem 62-290 Mie\u015bcisko Strzelecka 17, prowadz\u0105c\u0105 dzia\u0142alno\u015b\u0107 nierejestrowan\u0105 pod nazw\u0105 \u201ePracownia&nbsp;cioci&nbsp;Tysi\u201d (dalej: Sprzedawca). Regulamin okre\u015bla zasady [&hellip;]<\/p>\n","protected":false},"author":1,"featured_media":0,"parent":0,"menu_order":0,"comment_status":"closed","ping_status":"closed","template":"","meta":{"footnotes":""},"class_list":["post-539","page","type-page","status-publish","hentry"],"jetpack_sharing_enabled":true,"_links":{"self":[{"href":"https:\/\/pracowniaciocitysi.pl\/index.php\/wp-json\/wp\/v2\/pages\/539","targetHints":{"allow":["GET"]}}],"collection":[{"href":"https:\/\/pracowniaciocitysi.pl\/index.php\/wp-json\/wp\/v2\/pages"}],"about":[{"href":"https:\/\/pracowniaciocitysi.pl\/index.php\/wp-json\/wp\/v2\/types\/page"}],"author":[{"embeddable":true,"href":"https:\/\/pracowniaciocitysi.pl\/index.php\/wp-json\/wp\/v2\/users\/1"}],"replies":[{"embeddable":true,"href":"https:\/\/pracowniaciocitysi.pl\/index.php\/wp-json\/wp\/v2\/comments?post=539"}],"version-history":[{"count":1,"href":"https:\/\/pracowniaciocitysi.pl\/index.php\/wp-json\/wp\/v2\/pages\/539\/revisions"}],"predecessor-version":[{"id":542,"href":"https:\/\/pracowniaciocitysi.pl\/index.php\/wp-json\/wp\/v2\/pages\/539\/revisions\/542"}],"wp:attachment":[{"href":"https:\/\/pracowniaciocitysi.pl\/index.php\/wp-json\/wp\/v2\/media?parent=539"}],"curies":[{"name":"wp","href":"https:\/\/api.w.org\/{rel}","templated":true}]}}