{"id":362,"date":"2021-08-17T17:03:43","date_gmt":"2021-08-17T17:03:43","guid":{"rendered":"https:\/\/demo.athemes.com\/botiga\/?page_id=362"},"modified":"2025-10-24T19:15:47","modified_gmt":"2025-10-24T17:15:47","slug":"home-2","status":"publish","type":"page","link":"https:\/\/pracowniaciocitysi.pl\/","title":{"rendered":"Strona g\u0142\u00f3wna"},"content":{"rendered":"\n<div class=\"wp-block-cover alignfull\"><img loading=\"lazy\" decoding=\"async\" width=\"1200\" height=\"695\" class=\"wp-block-cover__image-background wp-image-464\" alt=\"\" src=\"https:\/\/pracowniaciocitysi.pl\/wp-content\/uploads\/2025\/09\/539930644_122148302984835136_63121300718842218_n-2.jpg\" data-object-fit=\"cover\" srcset=\"https:\/\/pracowniaciocitysi.pl\/wp-content\/uploads\/2025\/09\/539930644_122148302984835136_63121300718842218_n-2.jpg 1200w, https:\/\/pracowniaciocitysi.pl\/wp-content\/uploads\/2025\/09\/539930644_122148302984835136_63121300718842218_n-2-300x174.jpg 300w, https:\/\/pracowniaciocitysi.pl\/wp-content\/uploads\/2025\/09\/539930644_122148302984835136_63121300718842218_n-2-1024x593.jpg 1024w, https:\/\/pracowniaciocitysi.pl\/wp-content\/uploads\/2025\/09\/539930644_122148302984835136_63121300718842218_n-2-768x445.jpg 768w, https:\/\/pracowniaciocitysi.pl\/wp-content\/uploads\/2025\/09\/539930644_122148302984835136_63121300718842218_n-2-1140x660.jpg 1140w, https:\/\/pracowniaciocitysi.pl\/wp-content\/uploads\/2025\/09\/539930644_122148302984835136_63121300718842218_n-2-920x533.jpg 920w, https:\/\/pracowniaciocitysi.pl\/wp-content\/uploads\/2025\/09\/539930644_122148302984835136_63121300718842218_n-2-575x333.jpg 575w, https:\/\/pracowniaciocitysi.pl\/wp-content\/uploads\/2025\/09\/539930644_122148302984835136_63121300718842218_n-2-380x220.jpg 380w, https:\/\/pracowniaciocitysi.pl\/wp-content\/uploads\/2025\/09\/539930644_122148302984835136_63121300718842218_n-2-420x243.jpg 420w, https:\/\/pracowniaciocitysi.pl\/wp-content\/uploads\/2025\/09\/539930644_122148302984835136_63121300718842218_n-2-800x463.jpg 800w, https:\/\/pracowniaciocitysi.pl\/wp-content\/uploads\/2025\/09\/539930644_122148302984835136_63121300718842218_n-2-80x46.jpg 80w\" sizes=\"auto, (max-width: 1200px) 100vw, 1200px\" \/><span aria-hidden=\"true\" class=\"wp-block-cover__background has-background-dim\"><\/span><div class=\"wp-block-cover__inner-container is-layout-flow wp-block-cover-is-layout-flow\">\n<h1 class=\"wp-block-heading has-text-align-center has-gigantic-font-size\"><strong>\u015aWIECE ROBIONE R\u0118CZNIE<\/strong><\/h1>\n<\/div><\/div>\n\n\n\n<div style=\"height:24px\" aria-hidden=\"true\" class=\"wp-block-spacer\"><\/div>\n\n\n\n<h1 class=\"wp-block-heading has-text-align-center\"><\/h1>\n\n\n\n<h3 class=\"wp-block-heading has-text-align-center\">Produkty<\/h3>\n\n\n\n<p class=\"has-text-align-center\">\u015awiece z wosk\u00f3w naturalnych, zalewane w pojemnikach i wolnostoj\u0105ce. <br>Tworzone z pasj\u0105 wype\u0142nione po brzegi sercem. <\/p>\n\n\n\n\n\n<div style=\"height:100px\" aria-hidden=\"true\" class=\"wp-block-spacer\"><\/div>\n\n\n\n<div style=\"height:100px\" aria-hidden=\"true\" class=\"wp-block-spacer\"><\/div>\n\n\n\n<div class=\"wp-block-columns is-layout-flex wp-container-core-columns-is-layout-28f84493 wp-block-columns-is-layout-flex\">\n<div class=\"wp-block-column is-layout-flow wp-block-column-is-layout-flow\"><\/div>\n\n\n\n<div class=\"wp-block-column is-layout-flow wp-block-column-is-layout-flow\"><\/div>\n<\/div>\n\n\n\n<div style=\"height:90px\" aria-hidden=\"true\" class=\"wp-block-spacer\"><\/div>\n","protected":false},"excerpt":{"rendered":"<p>Produkty \u015awiece z wosk\u00f3w naturalnych, zalewane w pojemnikach i wolnostoj\u0105ce. Tworzone z pasj\u0105 wype\u0142nione po brzegi sercem.<\/p>\n","protected":false},"author":1,"featured_media":0,"parent":0,"menu_order":0,"comment_status":"closed","ping_status":"closed","template":"","meta":{"footnotes":""},"class_list":["post-362","page","type-page","status-publish","hentry"],"jetpack_sharing_enabled":true,"_links":{"self":[{"href":"https:\/\/pracowniaciocitysi.pl\/index.php\/wp-json\/wp\/v2\/pages\/362","targetHints":{"allow":["GET"]}}],"collection":[{"href":"https:\/\/pracowniaciocitysi.pl\/index.php\/wp-json\/wp\/v2\/pages"}],"about":[{"href":"https:\/\/pracowniaciocitysi.pl\/index.php\/wp-json\/wp\/v2\/types\/page"}],"author":[{"embeddable":true,"href":"https:\/\/pracowniaciocitysi.pl\/index.php\/wp-json\/wp\/v2\/users\/1"}],"replies":[{"embeddable":true,"href":"https:\/\/pracowniaciocitysi.pl\/index.php\/wp-json\/wp\/v2\/comments?post=362"}],"version-history":[{"count":22,"href":"https:\/\/pracowniaciocitysi.pl\/index.php\/wp-json\/wp\/v2\/pages\/362\/revisions"}],"predecessor-version":[{"id":574,"href":"https:\/\/pracowniaciocitysi.pl\/index.php\/wp-json\/wp\/v2\/pages\/362\/revisions\/574"}],"wp:attachment":[{"href":"https:\/\/pracowniaciocitysi.pl\/index.php\/wp-json\/wp\/v2\/media?parent=362"}],"curies":[{"name":"wp","href":"https:\/\/api.w.org\/{rel}","templated":true}]}}